{"id":102,"date":"2019-06-11T10:15:11","date_gmt":"2019-06-11T10:15:11","guid":{"rendered":"http:\/\/vnoy.fi\/?page_id=102"},"modified":"2019-06-11T10:15:12","modified_gmt":"2019-06-11T10:15:12","slug":"tietosuojaseloste","status":"publish","type":"page","link":"https:\/\/vnoy.fi\/?page_id=102","title":{"rendered":"Tietosuojaseloste"},"content":{"rendered":"\n<p>REKISTERISELOSTE<\/p>\n\n\n\n<p><strong>Verkkosivustomme osoite on: http:\/\/www.vnoy.fi<\/strong><\/p>\n\n\n\n<p><strong>1. Rekisterinpit\u00e4j\u00e4<\/strong><\/p>\n\n\n\n<p>VELJ. NUORITALO OY<br>TURUNTIE 1391<br>31520 PITK\u00c4J\u00c4RVI<br>Y-TUNNUS: 0637001-0<\/p>\n\n\n\n<p><strong>2. Rekisteriasioita hoitava henkil\u00f6<\/strong><\/p>\n\n\n\n<p>Suvi Nuoritalo<br>0504839879<br><a href=\"mailto:info@vnoy.fi\">info@vnoy.fi<\/a><\/p>\n\n\n\n<p><strong>3. Rekisterin nimi<\/strong><\/p>\n\n\n\n<p>Velj. Nuoritalo Oy:n asiakasrekisteri<\/p>\n\n\n\n<p><strong>4. Rekisterin peruste<\/strong><\/p>\n\n\n\n<p>Henkil\u00f6n tilaamat palvelut ja tuotteet<\/p>\n\n\n\n<p><strong>5. Rekisterin tietosis\u00e4lt\u00f6<\/strong><\/p>\n\n\n\n<ul class=\"wp-block-list\"><li>Perustiedot, kuten nimi<\/li><li>Yhteystiedot (ml. laskutusyhteystiedot, s\u00e4hk\u00f6postiosoite tai s\u00e4hk\u00f6inen osoitetieto)<\/li><li>Muut henkil\u00f6n itsens\u00e4 antamat tiedot (ml. puhelinnumero)<\/li><\/ul>\n\n\n\n<p><strong>6. S\u00e4\u00e4nn\u00f6nmukaiset tietol\u00e4hteet<\/strong><\/p>\n\n\n\n<p>Henkil\u00f6tietoja ker\u00e4t\u00e4\u00e4n yleens\u00e4 rekister\u00f6idylt\u00e4 itselt\u00e4\u00e4n h\u00e4nen itsens\u00e4 antamat tiedot.<\/p>\n\n\n\n<p><strong>7. Muilta sivustoilta upotettu sis\u00e4lt\u00f6<\/strong><\/p>\n\n\n\n<p>T\u00e4m\u00e4n sivuston sivut ja artikkelit voivat sis\u00e4lt\u00e4\u00e4 upotettua sis\u00e4lt\u00f6\u00e4 (esimerkiksi videoita, kuvia, artikkeleita jne.). Toisilta sivustoilta tuodun upotetun sis\u00e4ll\u00f6n avaaminen on verrattavissa siihen, ett\u00e4 vierailija itse k\u00e4visi kolmannen osapuolen sivustolla.<\/p>\n\n\n\n<p>N\u00e4m\u00e4 sivustot voivat ker\u00e4t\u00e4 tietoa sinusta, k\u00e4ytt\u00e4\u00e4 ev\u00e4steit\u00e4, upottaa kolmannen osapuolen seurantaev\u00e4steit\u00e4 ja monitoroida vuorovaikutustasi upotetun sis\u00e4ll\u00f6n kanssa, mukaan lukien vuorovaikutuksen seuranta jos ja kun olet kirjautunut k\u00e4ytt\u00e4j\u00e4n\u00e4 sivustolle.<\/p>\n\n\n\n<p><strong>8. Rekisterin suojauksen periaatteet<\/strong><\/p>\n\n\n\n<p>Paperisina olevia henkil\u00f6tietoja s\u00e4ilytet\u00e4\u00e4n rekisterinpit\u00e4j\u00e4n toimitiloissa, jotka on lukittu.<\/p>\n\n\n\n<p>Asiakastietoja sis\u00e4lt\u00e4v\u00e4 ohjelmiston k\u00e4ytt\u00f6 on suojattu k\u00e4ytt\u00e4j\u00e4kohtaisin tunnuksin, salasanoin ja k\u00e4ytt\u00f6oikeuksin.<\/p>\n\n\n\n<p>Asiakasrekisterin k\u00e4ytt\u00f6oikeus on vain rekisterinpit\u00e4j\u00e4ll\u00e4, sek\u00e4 palveluksessa olevilla ja muilla m\u00e4\u00e4ritellyill\u00e4 henkil\u00f6ill\u00e4, jotka tarvitsevat tietoja teht\u00e4viss\u00e4\u00e4n.<\/p>\n\n\n\n<p><strong>9. Tarkastusoikeus, tarkastusoikeuden toteuttaminen ja kielto-oikeus<\/strong><\/p>\n\n\n\n<p>K\u00e4ytt\u00e4j\u00e4ll\u00e4 on oikeus tarkistaa h\u00e4nest\u00e4 rekisteriin tallennetut tiedot (henkil\u00f6tietolaki 26 \u00a7). Tarkastusoikeutta koskevat yhteydenotot tulee tehd\u00e4 kirjallisena ja allekirjoitettuna osoitteeseen, joka on mainittu kohdassa 1.&nbsp;<\/p>\n\n\n\n<p><strong>10. Henkil\u00f6tietojen korjaaminen ja poistaminen rekisterist\u00e4<\/strong><\/p>\n\n\n\n<p>Rekister\u00f6idyll\u00e4 on oikeus vaatia virheellisten, puutteellisten, tarpeettomien taikka vanhentuneiden tietojensa korjaamista tai poistamista ilmoittamalla asiasta rekisterinpit\u00e4j\u00e4lle t\u00e4m\u00e4n selosteen kohdassa 1 mainittuun osoitteeseen. K\u00e4ytt\u00e4j\u00e4n tiedot voidaan poistaa rekisterist\u00e4 k\u00e4ytt\u00e4j\u00e4n kirjallisesta pyynn\u00f6st\u00e4.<\/p>\n\n\n\n<p><strong>11. Ev\u00e4steet<\/strong><\/p>\n\n\n\n<p>K\u00e4yt\u00e4mme verkkopalvelussamme ev\u00e4steit\u00e4. Ev\u00e4ste voi olla voimassa joko yksitt\u00e4isen istunnon ajan tai pidemm\u00e4n aikaa. Ev\u00e4ste on pieni tekstitiedosto, joka tallentuu k\u00e4ytt\u00e4j\u00e4n laitteelle h\u00e4nen vieraillessaan selaimella verkkopalvelussa. Velj.Nuoritalo Oy:n verkkopalvelu k\u00e4ytt\u00e4\u00e4 ev\u00e4steit\u00e4 ja kolmansien osapuolien ev\u00e4steit\u00e4 parantamaan ja personoimaan palvelun k\u00e4ytt\u00f6kokemusta, ker\u00e4\u00e4m\u00e4\u00e4n tietoa palvelun k\u00e4vij\u00e4m\u00e4\u00e4rist\u00e4 ja suosituimmista sis\u00e4ll\u00f6ist\u00e4 sek\u00e4 tunnistamaan usein sivulla vierailevat k\u00e4vij\u00e4t.<\/p>\n\n\n\n<p>Voit est\u00e4\u00e4 ev\u00e4steiden tallentamisen muuttamalla selaimen tietoturva-asetuksia. Huomioi kuitenkin, ett\u00e4 kaikkia verkkopalveluiden toimintoja ei v\u00e4ltt\u00e4m\u00e4tt\u00e4 voi k\u00e4ytt\u00e4\u00e4 ilman ev\u00e4steit\u00e4.<\/p>\n","protected":false},"excerpt":{"rendered":"<p>REKISTERISELOSTE Verkkosivustomme osoite on: http:\/\/www.vnoy.fi 1. Rekisterinpit\u00e4j\u00e4 VELJ. NUORITALO OYTURUNTIE 139131520 PITK\u00c4J\u00c4RVIY-TUNNUS: 0637001-0 2. Rekisteriasioita hoitava henkil\u00f6 Suvi Nuoritalo0504839879info@vnoy.fi 3. Rekisterin nimi Velj. Nuoritalo Oy:n asiakasrekisteri 4. Rekisterin peruste Henkil\u00f6n tilaamat palvelut ja tuotteet 5. Rekisterin tietosis\u00e4lt\u00f6 Perustiedot, kuten nimi Yhteystiedot (ml. laskutusyhteystiedot, s\u00e4hk\u00f6postiosoite tai s\u00e4hk\u00f6inen osoitetieto) Muut henkil\u00f6n itsens\u00e4 antamat tiedot (ml. puhelinnumero) 6. [&hellip;]<\/p>\n","protected":false},"author":1,"featured_media":0,"parent":0,"menu_order":0,"comment_status":"closed","ping_status":"closed","template":"","meta":{"_exactmetrics_skip_tracking":false,"_exactmetrics_sitenote_active":false,"_exactmetrics_sitenote_note":"","_exactmetrics_sitenote_category":0,"footnotes":""},"class_list":["post-102","page","type-page","status-publish","hentry","post-preview"],"_links":{"self":[{"href":"https:\/\/vnoy.fi\/index.php?rest_route=\/wp\/v2\/pages\/102","targetHints":{"allow":["GET"]}}],"collection":[{"href":"https:\/\/vnoy.fi\/index.php?rest_route=\/wp\/v2\/pages"}],"about":[{"href":"https:\/\/vnoy.fi\/index.php?rest_route=\/wp\/v2\/types\/page"}],"author":[{"embeddable":true,"href":"https:\/\/vnoy.fi\/index.php?rest_route=\/wp\/v2\/users\/1"}],"replies":[{"embeddable":true,"href":"https:\/\/vnoy.fi\/index.php?rest_route=%2Fwp%2Fv2%2Fcomments&post=102"}],"version-history":[{"count":1,"href":"https:\/\/vnoy.fi\/index.php?rest_route=\/wp\/v2\/pages\/102\/revisions"}],"predecessor-version":[{"id":103,"href":"https:\/\/vnoy.fi\/index.php?rest_route=\/wp\/v2\/pages\/102\/revisions\/103"}],"wp:attachment":[{"href":"https:\/\/vnoy.fi\/index.php?rest_route=%2Fwp%2Fv2%2Fmedia&parent=102"}],"curies":[{"name":"wp","href":"https:\/\/api.w.org\/{rel}","templated":true}]}}